{"id":1427,"date":"2025-01-17T03:09:05","date_gmt":"2025-01-17T03:09:05","guid":{"rendered":"http:\/\/test.local\/?page_id=1427"},"modified":"2025-07-14T23:19:58","modified_gmt":"2025-07-14T22:19:58","slug":"cursos","status":"publish","type":"page","link":"https:\/\/fasciniolunar.com\/programas\/cursos\/","title":{"rendered":"Cursos"},"content":{"rendered":"\t\t<div data-elementor-type=\"wp-page\" data-elementor-id=\"1427\" class=\"elementor elementor-1427\">\n\t\t\t\t\t\t<section class=\"elementor-section elementor-top-section elementor-element elementor-element-a88e283 elementor-section-stretched elementor-section-boxed elementor-section-height-default elementor-section-height-default exad-glass-effect-no exad-sticky-section-no\" data-id=\"a88e283\" data-element_type=\"section\" data-settings=\"{&quot;stretch_section&quot;:&quot;section-stretched&quot;}\">\n\t\t\t\t\t\t<div class=\"elementor-container elementor-column-gap-default\">\n\t\t\t\t\t<div class=\"elementor-column elementor-col-100 elementor-top-column elementor-element elementor-element-16e613d exad-glass-effect-no exad-sticky-section-no\" data-id=\"16e613d\" data-element_type=\"column\">\n\t\t\t<div class=\"elementor-widget-wrap elementor-element-populated\">\n\t\t\t\t\t\t<div class=\"elementor-element elementor-element-91a56f1 exad-sticky-section-no exad-glass-effect-no elementor-widget elementor-widget-ms_lms_courses\" data-id=\"91a56f1\" data-element_type=\"widget\" data-settings=\"{&quot;cards_to_show&quot;:9,&quot;opened_filters&quot;:5,&quot;featured_position&quot;:&quot;right&quot;,&quot;status_presets&quot;:&quot;status_style_3&quot;,&quot;status_position&quot;:&quot;left&quot;,&quot;type&quot;:&quot;courses-carousel&quot;,&quot;autoplay&quot;:&quot;true&quot;,&quot;pagination_presets&quot;:&quot;pagination-style-1&quot;,&quot;slides_to_scroll&quot;:&quot;25%&quot;,&quot;slides_to_scroll_tablet&quot;:&quot;33.333333%&quot;,&quot;slides_to_scroll_mobile&quot;:&quot;100%&quot;,&quot;loop&quot;:&quot;true&quot;,&quot;course_card_presets&quot;:&quot;card-style-1&quot;,&quot;cards_to_show_choice&quot;:&quot;number&quot;,&quot;cards_to_show_choice_featured&quot;:&quot;number&quot;,&quot;cards_to_show_featured&quot;:4,&quot;sort_by&quot;:&quot;date_high&quot;,&quot;show_category&quot;:&quot;yes&quot;,&quot;show_progress&quot;:&quot;yes&quot;,&quot;show_divider&quot;:&quot;yes&quot;,&quot;show_rating&quot;:&quot;yes&quot;,&quot;show_price&quot;:&quot;yes&quot;,&quot;show_slots&quot;:&quot;yes&quot;,&quot;card_slot_1&quot;:&quot;current-students&quot;,&quot;card_slot_2&quot;:&quot;views&quot;,&quot;show_popup&quot;:&quot;yes&quot;,&quot;popup_show_author_name&quot;:&quot;yes&quot;,&quot;popup_show_author_image&quot;:&quot;yes&quot;,&quot;popup_show_excerpt&quot;:&quot;yes&quot;,&quot;popup_show_slots&quot;:&quot;yes&quot;,&quot;popup_slot_1&quot;:&quot;level&quot;,&quot;popup_slot_2&quot;:&quot;lectures&quot;,&quot;popup_slot_3&quot;:&quot;duration&quot;,&quot;popup_show_wishlist&quot;:&quot;yes&quot;,&quot;popup_show_price&quot;:&quot;yes&quot;,&quot;show_instructor_label&quot;:&quot;yes&quot;,&quot;show_instructor_position&quot;:&quot;yes&quot;,&quot;show_instructor_bio&quot;:&quot;yes&quot;,&quot;course_image_size&quot;:{&quot;width&quot;:&quot;&quot;,&quot;height&quot;:&quot;&quot;}}\" data-widget_type=\"ms_lms_courses.default\">\n\t\t\t\t<div class=\"elementor-widget-container\">\n\t\t\t\t\t<div class=\"ms_lms_courses_carousel\">\n\t\t\t<div class=\"ms_lms_courses_carousel__title style_2\">\n\t\t\t<h2>\n\t\t\t\tProgramas\t\t\t<\/h2>\n\t\t\t<ul class=\"ms_lms_courses_carousel__sorting style_1\">\n\t\t\t<li>\n\t\t\t<span data-id=\"date_high\" class=\"ms_lms_courses_carousel__sorting_button active\">\n\t\t\t\tNewest\t\t\t<\/span>\n\t\t<\/li>\n\t\t\t<li>\n\t\t\t<span data-id=\"date_low\" class=\"ms_lms_courses_carousel__sorting_button \">\n\t\t\t\tOldest\t\t\t<\/span>\n\t\t<\/li>\n\t\t\t<li>\n\t\t\t<span data-id=\"price_high\" class=\"ms_lms_courses_carousel__sorting_button \">\n\t\t\t\tMaior pre\u00e7o\t\t\t<\/span>\n\t\t<\/li>\n\t\t\t<li>\n\t\t\t<span data-id=\"price_low\" class=\"ms_lms_courses_carousel__sorting_button \">\n\t\t\t\tMenor pre\u00e7o\t\t\t<\/span>\n\t\t<\/li>\n\t\t\t<li>\n\t\t\t<span data-id=\"popular\" class=\"ms_lms_courses_carousel__sorting_button \">\n\t\t\t\tMost Viewed\t\t\t<\/span>\n\t\t<\/li>\n\t\t\t<li>\n\t\t\t<span data-id=\"rating\" class=\"ms_lms_courses_carousel__sorting_button \">\n\t\t\t\tClassifica\u00e7\u00e3o Geral\t\t\t<\/span>\n\t\t<\/li>\n\t<\/ul>\n\t\t<\/div>\n\t\t<div class=\"ms_lms_courses_carousel__content  title_style_2\">\n\t\t\t\t<div class=\"ms_lms_courses_card_wrapper swiper-container\">\n\t\t\t<div class=\"ms_lms_courses_card swiper-wrapper card-style-1 \">\n\t\t\t\t\t<div class=\"ms_lms_courses_card_item featured swiper-slide\">\n\t\t<div class=\"ms_lms_courses_card_item_wrapper\">\n\t\t\t\t\t\t\t<div class=\"ms_lms_courses_card_item_featured right\">\n\t\t\t\t\t<span>Destacado<\/span>\n\t\t\t\t<\/div>\n\t\t\t\t\t\t\t\t<div class=\"ms_lms_courses_card_item_status status_style_3 left new\">\n\t\t\t\t\t<span>Novo<\/span>\n\t\t\t\t<\/div>\n\t\t\t\t\t\t<a href=\"https:\/\/fasciniolunar.com\/programas\/cursos\/equilibra-te-fisica-e-emocionalmente-em-7-passos\/\" class=\"ms_lms_courses_card_item_image_link\">\n\t\t\t\t<img decoding=\"async\" src=\"https:\/\/fasciniolunar.com\/programas\/wp-content\/uploads\/2025\/07\/Programa-Equilibra-te-fisica-e-emocionalmente-em-7-passos-1-330x185.png\" class=\"ms_lms_courses_card_item_image\">\t\t\t<\/a>\n\t\t\t<div class=\"ms_lms_courses_card_item_info\">\n\t\t\t\t\t\t\t\t\t<span class=\"ms_lms_courses_card_item_info_category\">\n\t\t\t\t\t\t<a href=\"https:\/\/fasciniolunar.com\/programas\/cursos\/?terms%5B%5D=56&#038;category%5B%5D=56\">\n\t\t\t\t\t\t\tTerapia\t\t\t\t\t\t<\/a>\n\t\t\t\t\t<\/span>\n\t\t\t\t\t\t\t\t\t<a href=\"https:\/\/fasciniolunar.com\/programas\/cursos\/equilibra-te-fisica-e-emocionalmente-em-7-passos\/\" class=\"ms_lms_courses_card_item_info_title\">\n\t\t\t\t\t\t<h3>EQUILIBRA-TE F\u00cdSICA E EMOCIONALMENTE EM 7 PASSOS<\/h3>\n\t\t\t\t\t<\/a>\n\t\t\t\t\t\t\t\t\t<div class=\"ms_lms_courses_card_item_info_meta\">\n\t\t\t\t\t\t<div class=\"ms_lms_courses_card_item_meta_block\">\n\t<i class=\"stmlms-members\"><\/i>\n<span>3<\/span>\n<\/div>\n<div class=\"ms_lms_courses_card_item_meta_block\">\n\t<i class=\"stmlms-views\"><\/i>\n<span>148<\/span>\n<\/div>\n\t\t\t\t\t<\/div>\n\t\t\t\t\t\t\t\t\t\t<span class=\"ms_lms_courses_card_item_info_divider\"><\/span>\n\t\t\t\t\t\t\t\t\t\t<div class=\"ms_lms_courses_card_item_info_bottom_wrapper\">\n\t\t\t\t\t\t<div class=\"ms_lms_courses_card_item_info_rating\">\n\t<div class=\"ms_lms_courses_card_item_info_rating_stars\">\n\t\t<div class=\"ms_lms_courses_card_item_info_rating_stars_filled\" style=\"width: 0%;\"><\/div>\n\t<\/div>\n\t<div class=\"ms_lms_courses_card_item_info_rating_quantity\">\n\t\t<span>0.0<\/span>\n\t<\/div>\n<\/div>\n\t<div class=\"ms_lms_courses_card_item_info_price \">\n\t\t\t\t\t<div class=\"ms_lms_courses_card_item_info_price_single sale\">\n\t\t\t\t<span>299\u20ac<\/span>\n\t\t\t<\/div>\n\t\t\t\t\t\t\t<div class=\"ms_lms_courses_card_item_info_price_sale\">\n\t\t\t\t\t<span>35\u20ac<\/span>\n\t\t\t\t<\/div>\n\t\t\t\t\t\t<\/div>\n\t\t\t\t\t\t<\/div>\n\t\t\t\t\t\t\t<\/div>\n\t\t<\/div>\n\t\t<div class=\"ms_lms_courses_card_item_popup\">\n\t\t\t<div class=\"ms_lms_courses_card_item_popup_author\">\n\t\t\t\t\t\t\t<img decoding=\"async\" src=\"https:\/\/secure.gravatar.com\/avatar\/f29fcbdf80ecd9f91105431598a1e314?s=215&#038;d=mm&#038;r=g\">\n\t\t\t\t\t\t\t\t<span class=\"ms_lms_courses_card_item_popup_author_name\">Ricardo Rosa<\/span>\n\t\t\t\t\t<\/div>\n\t\t<a href=\"https:\/\/fasciniolunar.com\/programas\/cursos\/equilibra-te-fisica-e-emocionalmente-em-7-passos\/\" class=\"ms_lms_courses_card_item_popup_title\">\n\t\t<h3>EQUILIBRA-TE F\u00cdSICA E EMOCIONALMENTE EM 7 PASSOS<\/h3>\n\t<\/a>\n\t\t\t<div class=\"ms_lms_courses_card_item_popup_excerpt\">\n\t\t\tEquilibra-te F\u00edsica e Emocionalmente em 7 Passos Desbloqueia o teu potencial e transforma o teu bem-estar com pr\u00e1ticas simp...\t\t<\/div>\n\t\t\t\t<div class=\"ms_lms_courses_card_item_popup_meta\">\n\t\t\t<div class=\"ms_lms_courses_card_item_meta_block\">\n\t<i class=\"stmlms-levels\"><\/i>\n<span>Iniciante<\/span>\n<\/div>\n<div class=\"ms_lms_courses_card_item_meta_block\">\n\t<i class=\"stmlms-cats\"><\/i>\n<span>\n\t18 Sess\u00f5es de Forma\u00e7\u00e3o<\/span>\n<\/div>\n<div class=\"ms_lms_courses_card_item_meta_block\">\n\t<i class=\"stmlms-lms-clocks\"><\/i>\n<span>7 Sess\u00f5es<\/span>\n<\/div>\n\t\t<\/div>\n\t\t<div class=\"ms_lms_courses_card_item_popup_button_wrapper\">\n\t\t<a href=\"https:\/\/fasciniolunar.com\/programas\/cursos\/equilibra-te-fisica-e-emocionalmente-em-7-passos\/\" class=\"ms_lms_courses_card_item_popup_button\">\n\t\t\t<span>Pr\u00e9-visualizar este curso<\/span>\n\t\t\t\t\t<\/a>\n\n\t\t\t\t\t<div class=\"ms_lms_courses_card_item_popup_bottom_wrapper\">\n\t\t\t\t\t\t\t\t\t\t\t<div class=\"ms_lms_courses_card_item_popup_wishlist\">\n\t\t\t\t\t\t\t\t<div class=\"stm-lms-wishlist\">\n\t\t<a href=\"https:\/\/fasciniolunar.com\/programas\/conta-de-utilizador\/\">\n\t\t\t<i class=\"far fa-heart\"><\/i>\n\t\t\t<span>Adicionar \u00e0 Lista de Pedidos<\/span>\n\t\t<\/a>\n\t<\/div>\n\t\t\t\t\t\t\t\t<\/div>\n\t\t\t\t\t\t\t\t<div class=\"ms_lms_courses_card_item_popup_price\">\n\t\t<div class=\"ms_lms_courses_card_item_popup_price_single sale\">\n\t\t\t<span>299\u20ac<\/span>\n\t\t<\/div>\n\t\t\t\t\t<div class=\"ms_lms_courses_card_item_popup_price_sale\">\n\t\t\t\t<span>35\u20ac<\/span>\n\t\t\t<\/div>\n\t\t\t<\/div>\n\t\t\t<\/div>\n\t\t\t<\/div>\n<\/div>\n\t<\/div>\n\t\t<div class=\"ms_lms_courses_card_item  swiper-slide\">\n\t\t<div class=\"ms_lms_courses_card_item_wrapper\">\n\t\t\t\t\t\t<a href=\"https:\/\/fasciniolunar.com\/programas\/cursos\/os-7-chakras-do-amor\/\" class=\"ms_lms_courses_card_item_image_link\">\n\t\t\t\t<img decoding=\"async\" src=\"https:\/\/fasciniolunar.com\/programas\/wp-content\/uploads\/2026\/03\/WhatsApp-Image-2025-11-08-at-04.35.00-capa-330x185.jpeg\" class=\"ms_lms_courses_card_item_image\">\t\t\t<\/a>\n\t\t\t<div class=\"ms_lms_courses_card_item_info\">\n\t\t\t\t\t\t\t\t\t<span class=\"ms_lms_courses_card_item_info_category\">\n\t\t\t\t\t\t<a href=\"https:\/\/fasciniolunar.com\/programas\/cursos\/?terms%5B%5D=56&#038;category%5B%5D=56\">\n\t\t\t\t\t\t\tTerapia\t\t\t\t\t\t<\/a>\n\t\t\t\t\t<\/span>\n\t\t\t\t\t\t\t\t\t<a href=\"https:\/\/fasciniolunar.com\/programas\/cursos\/os-7-chakras-do-amor\/\" class=\"ms_lms_courses_card_item_info_title\">\n\t\t\t\t\t\t<h3>Os 7 Chakras do Amor<\/h3>\n\t\t\t\t\t<\/a>\n\t\t\t\t\t\t\t\t\t<div class=\"ms_lms_courses_card_item_info_meta\">\n\t\t\t\t\t\t<div class=\"ms_lms_courses_card_item_meta_block\">\n\t<i class=\"stmlms-members\"><\/i>\n<span>4<\/span>\n<\/div>\n<div class=\"ms_lms_courses_card_item_meta_block\">\n\t<i class=\"stmlms-views\"><\/i>\n<span>20<\/span>\n<\/div>\n\t\t\t\t\t<\/div>\n\t\t\t\t\t\t\t\t\t\t<span class=\"ms_lms_courses_card_item_info_divider\"><\/span>\n\t\t\t\t\t\t\t\t\t\t<div class=\"ms_lms_courses_card_item_info_bottom_wrapper\">\n\t\t\t\t\t\t<div class=\"ms_lms_courses_card_item_info_rating\">\n\t<div class=\"ms_lms_courses_card_item_info_rating_stars\">\n\t\t<div class=\"ms_lms_courses_card_item_info_rating_stars_filled\" style=\"width: 0%;\"><\/div>\n\t<\/div>\n\t<div class=\"ms_lms_courses_card_item_info_rating_quantity\">\n\t\t<span>0.0<\/span>\n\t<\/div>\n<\/div>\n\t<div class=\"ms_lms_courses_card_item_info_price \">\n\t\t\t\t\t<div class=\"ms_lms_courses_card_item_info_price_single sale\">\n\t\t\t\t<span>44\u20ac<\/span>\n\t\t\t<\/div>\n\t\t\t\t\t\t\t<div class=\"ms_lms_courses_card_item_info_price_sale\">\n\t\t\t\t\t<span>17\u20ac<\/span>\n\t\t\t\t<\/div>\n\t\t\t\t\t\t<\/div>\n\t\t\t\t\t\t<\/div>\n\t\t\t\t\t\t\t<\/div>\n\t\t<\/div>\n\t\t<div class=\"ms_lms_courses_card_item_popup\">\n\t\t\t<div class=\"ms_lms_courses_card_item_popup_author\">\n\t\t\t\t\t\t\t<img decoding=\"async\" src=\"https:\/\/secure.gravatar.com\/avatar\/f29fcbdf80ecd9f91105431598a1e314?s=215&#038;d=mm&#038;r=g\">\n\t\t\t\t\t\t\t\t<span class=\"ms_lms_courses_card_item_popup_author_name\">Ricardo Rosa<\/span>\n\t\t\t\t\t<\/div>\n\t\t<a href=\"https:\/\/fasciniolunar.com\/programas\/cursos\/os-7-chakras-do-amor\/\" class=\"ms_lms_courses_card_item_popup_title\">\n\t\t<h3>Os 7 Chakras do Amor<\/h3>\n\t<\/a>\n\t\t\t<div class=\"ms_lms_courses_card_item_popup_excerpt\">\n\t\t\tDescubra como desbloquear a energia dos seus chakras para curar feridas emocionais e atrair o amor que voc\u00ea merece. Restaure a...\t\t<\/div>\n\t\t\t\t<div class=\"ms_lms_courses_card_item_popup_meta\">\n\t\t\t<div class=\"ms_lms_courses_card_item_meta_block\">\n\t<i class=\"stmlms-levels\"><\/i>\n<span>Iniciante<\/span>\n<\/div>\n<div class=\"ms_lms_courses_card_item_meta_block\">\n\t<i class=\"stmlms-cats\"><\/i>\n<span>\n\t5 Sess\u00f5es de Forma\u00e7\u00e3o<\/span>\n<\/div>\n<div class=\"ms_lms_courses_card_item_meta_block\">\n\t<i class=\"stmlms-lms-clocks\"><\/i>\n<span>0 Horas<\/span>\n<\/div>\n\t\t<\/div>\n\t\t<div class=\"ms_lms_courses_card_item_popup_button_wrapper\">\n\t\t<a href=\"https:\/\/fasciniolunar.com\/programas\/cursos\/os-7-chakras-do-amor\/\" class=\"ms_lms_courses_card_item_popup_button\">\n\t\t\t<span>Pr\u00e9-visualizar este curso<\/span>\n\t\t\t\t\t<\/a>\n\n\t\t\t\t\t<div class=\"ms_lms_courses_card_item_popup_bottom_wrapper\">\n\t\t\t\t\t\t\t\t\t\t\t<div class=\"ms_lms_courses_card_item_popup_wishlist\">\n\t\t\t\t\t\t\t\t<div class=\"stm-lms-wishlist\">\n\t\t<a href=\"https:\/\/fasciniolunar.com\/programas\/conta-de-utilizador\/\">\n\t\t\t<i class=\"far fa-heart\"><\/i>\n\t\t\t<span>Adicionar \u00e0 Lista de Pedidos<\/span>\n\t\t<\/a>\n\t<\/div>\n\t\t\t\t\t\t\t\t<\/div>\n\t\t\t\t\t\t\t\t<div class=\"ms_lms_courses_card_item_popup_price\">\n\t\t<div class=\"ms_lms_courses_card_item_popup_price_single sale\">\n\t\t\t<span>44\u20ac<\/span>\n\t\t<\/div>\n\t\t\t\t\t<div class=\"ms_lms_courses_card_item_popup_price_sale\">\n\t\t\t\t<span>17\u20ac<\/span>\n\t\t\t<\/div>\n\t\t\t<\/div>\n\t\t\t<\/div>\n\t\t\t<\/div>\n<\/div>\n\t<\/div>\n\t\t<div class=\"ms_lms_courses_card_item  swiper-slide\">\n\t\t<div class=\"ms_lms_courses_card_item_wrapper\">\n\t\t\t\t\t\t<a href=\"https:\/\/fasciniolunar.com\/programas\/cursos\/desafio-detox-com-oe-de-limao\/\" class=\"ms_lms_courses_card_item_image_link\">\n\t\t\t\t<img decoding=\"async\" src=\"https:\/\/fasciniolunar.com\/programas\/wp-content\/uploads\/2025\/09\/Cartaz-Desafio-Limao-1-330x185.png\" class=\"ms_lms_courses_card_item_image\">\t\t\t<\/a>\n\t\t\t<div class=\"ms_lms_courses_card_item_info\">\n\t\t\t\t\t\t\t\t\t<span class=\"ms_lms_courses_card_item_info_category\">\n\t\t\t\t\t\t<a href=\"https:\/\/fasciniolunar.com\/programas\/cursos\/?terms%5B%5D=56&#038;category%5B%5D=56\">\n\t\t\t\t\t\t\tTerapia\t\t\t\t\t\t<\/a>\n\t\t\t\t\t<\/span>\n\t\t\t\t\t\t\t\t\t<a href=\"https:\/\/fasciniolunar.com\/programas\/cursos\/desafio-detox-com-oe-de-limao\/\" class=\"ms_lms_courses_card_item_info_title\">\n\t\t\t\t\t\t<h3>Desafio Detox Fisico e Emocional com OE de Lim\u00e3o<\/h3>\n\t\t\t\t\t<\/a>\n\t\t\t\t\t\t\t\t\t<div class=\"ms_lms_courses_card_item_info_meta\">\n\t\t\t\t\t\t<div class=\"ms_lms_courses_card_item_meta_block\">\n\t<i class=\"stmlms-members\"><\/i>\n<span>1<\/span>\n<\/div>\n<div class=\"ms_lms_courses_card_item_meta_block\">\n\t<i class=\"stmlms-views\"><\/i>\n<span>100<\/span>\n<\/div>\n\t\t\t\t\t<\/div>\n\t\t\t\t\t\t\t\t\t\t<span class=\"ms_lms_courses_card_item_info_divider\"><\/span>\n\t\t\t\t\t\t\t\t\t\t<div class=\"ms_lms_courses_card_item_info_bottom_wrapper\">\n\t\t\t\t\t\t<div class=\"ms_lms_courses_card_item_info_rating\">\n\t<div class=\"ms_lms_courses_card_item_info_rating_stars\">\n\t\t<div class=\"ms_lms_courses_card_item_info_rating_stars_filled\" style=\"width: 0%;\"><\/div>\n\t<\/div>\n\t<div class=\"ms_lms_courses_card_item_info_rating_quantity\">\n\t\t<span>0.0<\/span>\n\t<\/div>\n<\/div>\n\t<div class=\"ms_lms_courses_card_item_info_price \">\n\t\t\t\t\t<div class=\"ms_lms_courses_card_item_info_price_single \">\n\t\t\t\t<span>17\u20ac<\/span>\n\t\t\t<\/div>\n\t\t\t\t\t\t<\/div>\n\t\t\t\t\t\t<\/div>\n\t\t\t\t\t\t\t<\/div>\n\t\t<\/div>\n\t\t<div class=\"ms_lms_courses_card_item_popup\">\n\t\t\t<div class=\"ms_lms_courses_card_item_popup_author\">\n\t\t\t\t\t\t\t<img decoding=\"async\" src=\"https:\/\/secure.gravatar.com\/avatar\/f29fcbdf80ecd9f91105431598a1e314?s=215&#038;d=mm&#038;r=g\">\n\t\t\t\t\t\t\t\t<span class=\"ms_lms_courses_card_item_popup_author_name\">Ricardo Rosa<\/span>\n\t\t\t\t\t<\/div>\n\t\t<a href=\"https:\/\/fasciniolunar.com\/programas\/cursos\/desafio-detox-com-oe-de-limao\/\" class=\"ms_lms_courses_card_item_popup_title\">\n\t\t<h3>Desafio Detox Fisico e Emocional com OE de Lim\u00e3o<\/h3>\n\t<\/a>\n\t\t\t<div class=\"ms_lms_courses_card_item_popup_excerpt\">\n\t\t\tDesafio Detox F\u00edsico, Emocional e Energ\u00e9tico com o \u00d3leo Essencial de Lim\u00e3o Cria h\u00e1bitos saud\u00e1veis na tua vida e transforma o...\t\t<\/div>\n\t\t\t\t<div class=\"ms_lms_courses_card_item_popup_meta\">\n\t\t\t<div class=\"ms_lms_courses_card_item_meta_block\">\n\t<i class=\"stmlms-levels\"><\/i>\n<span>Iniciante<\/span>\n<\/div>\n<div class=\"ms_lms_courses_card_item_meta_block\">\n\t<i class=\"stmlms-cats\"><\/i>\n<span>\n\t11 Sess\u00f5es de Forma\u00e7\u00e3o<\/span>\n<\/div>\n<div class=\"ms_lms_courses_card_item_meta_block\">\n\t<i class=\"stmlms-lms-clocks\"><\/i>\n<span>0 Horas<\/span>\n<\/div>\n\t\t<\/div>\n\t\t<div class=\"ms_lms_courses_card_item_popup_button_wrapper\">\n\t\t<a href=\"https:\/\/fasciniolunar.com\/programas\/cursos\/desafio-detox-com-oe-de-limao\/\" class=\"ms_lms_courses_card_item_popup_button\">\n\t\t\t<span>Pr\u00e9-visualizar este curso<\/span>\n\t\t\t\t\t<\/a>\n\n\t\t\t\t\t<div class=\"ms_lms_courses_card_item_popup_bottom_wrapper\">\n\t\t\t\t\t\t\t\t\t\t\t<div class=\"ms_lms_courses_card_item_popup_wishlist\">\n\t\t\t\t\t\t\t\t<div class=\"stm-lms-wishlist\">\n\t\t<a href=\"https:\/\/fasciniolunar.com\/programas\/conta-de-utilizador\/\">\n\t\t\t<i class=\"far fa-heart\"><\/i>\n\t\t\t<span>Adicionar \u00e0 Lista de Pedidos<\/span>\n\t\t<\/a>\n\t<\/div>\n\t\t\t\t\t\t\t\t<\/div>\n\t\t\t\t\t\t\t\t<div class=\"ms_lms_courses_card_item_popup_price\">\n\t\t<div class=\"ms_lms_courses_card_item_popup_price_single \">\n\t\t\t<span>17\u20ac<\/span>\n\t\t<\/div>\n\t\t\t<\/div>\n\t\t\t<\/div>\n\t\t\t<\/div>\n<\/div>\n\t<\/div>\n\t\t\t\t<\/div>\n\t\t\t\t\t\t\t<div class=\"ms_lms_courses_carousel__navigation\">\n\t\t\t\t\t<button class=\"ms_lms_courses_carousel__navigation_prev style_1\">\n\t\t\t\t\t\t<i class=\"stmlms-chevron-left\"><\/i>\n\t\t\t\t\t<\/button>\n\t\t\t\t\t<button class=\"ms_lms_courses_carousel__navigation_next style_1\">\n\t\t\t\t\t\t<i class=\"stmlms-chevron-right\"><\/i>\n\t\t\t\t\t<\/button>\n\t\t\t\t<\/div>\n\t\t\t\t\t<\/div>\n\t\t\t<\/div>\n<\/div>\n\t\t\t\t<\/div>\n\t\t\t\t<\/div>\n\t\t\t\t<div class=\"elementor-element elementor-element-d67aa59 elementor-widget__width-auto elementor-fixed exad-sticky-section-no exad-glass-effect-no elementor-widget elementor-widget-ms_lms_courses_searchbox\" data-id=\"d67aa59\" data-element_type=\"widget\" data-settings=\"{&quot;_position&quot;:&quot;fixed&quot;}\" data-widget_type=\"ms_lms_courses_searchbox.default\">\n\t\t\t\t<div class=\"elementor-widget-container\">\n\t\t\t\t\t<div class=\"ms_lms_course_search_box\">\n\t\t\t<div class=\"ms_lms_course_search_box_compact to_left\">\n\t\t\t<div class=\"ms_lms_course_search_box_compact_wrapper closed\">\n\t\t<div class=\"ms_lms_course_search_box__search_input  search_button_compact\">\n\t{{ search }}\n\t<autocomplete\n\t\tname=\"search\"\n\t\tplaceholder=\"Pesquisa...\"\n\t\turl=\"https:\/\/fasciniolunar.com\/programas\/wp-json\/stm-lms\/v1\/courses\"\n\t\tparam=\"search\"\n\t\tanchor=\"value\"\n\t\tlabel=\"label\"\n\t\t:on-select=\"searchCourse\"\n\t\t:on-input=\"searching\"\n\t\t:debounce=\"1000\"\n\t\tmodel=\"search\">\n\t<\/autocomplete>\n\t<a :href=\"'https:\/\/fasciniolunar.com\/programas\/cursos\/?search=' + url\"\n\t\tclass=\"ms_lms_course_search_box__search_input_button\">\n\t\t<i class=\"stmlms-magnifier\"><\/i>\n\t<\/a>\n<\/div>\n\t\t\t<\/div>\n\t\t<\/div>\n\t\t<a :href=\"'https:\/\/fasciniolunar.com\/programas\/cursos\/?search=' + url\" class=\"ms_lms_course_search_box__compact_button opening\">\n\t\t\t<i class=\"stmlms-magnifier\"><\/i>\n\t\t<\/a>\n\t\t<\/div>\n\t\t\t\t<\/div>\n\t\t\t\t<\/div>\n\t\t\t\t\t<\/div>\n\t\t<\/div>\n\t\t\t\t\t<\/div>\n\t\t<\/section>\n\t\t\t\t<\/div>\n\t\t","protected":false},"excerpt":{"rendered":"<p>Programas Newest Oldest Maior pre\u00e7o Menor pre\u00e7o Most Viewed Classifica\u00e7\u00e3o Geral Destacado Novo Terapia EQUILIBRA-TE F\u00cdSICA E EMOCIONALMENTE EM 7 PASSOS 0 5 0.0 299\u20ac 35\u20ac Ricardo Rosa EQUILIBRA-TE F\u00cdSICA E EMOCIONALMENTE EM 7 PASSOS Equilibra-te F\u00edsica e Emocionalmente em 7 Passos Desbloqueia o teu potencial e transforma o teu bem-estar com pr\u00e1ticas simple&#8230; Iniciante [&hellip;]<\/p>\n","protected":false},"author":1,"featured_media":0,"parent":0,"menu_order":0,"comment_status":"closed","ping_status":"closed","template":"","meta":{"footnotes":""},"class_list":["post-1427","page","type-page","status-publish","hentry"],"jetpack_sharing_enabled":true,"_links":{"self":[{"href":"https:\/\/fasciniolunar.com\/programas\/wp-json\/wp\/v2\/pages\/1427","targetHints":{"allow":["GET"]}}],"collection":[{"href":"https:\/\/fasciniolunar.com\/programas\/wp-json\/wp\/v2\/pages"}],"about":[{"href":"https:\/\/fasciniolunar.com\/programas\/wp-json\/wp\/v2\/types\/page"}],"author":[{"embeddable":true,"href":"https:\/\/fasciniolunar.com\/programas\/wp-json\/wp\/v2\/users\/1"}],"replies":[{"embeddable":true,"href":"https:\/\/fasciniolunar.com\/programas\/wp-json\/wp\/v2\/comments?post=1427"}],"version-history":[{"count":7,"href":"https:\/\/fasciniolunar.com\/programas\/wp-json\/wp\/v2\/pages\/1427\/revisions"}],"predecessor-version":[{"id":6281,"href":"https:\/\/fasciniolunar.com\/programas\/wp-json\/wp\/v2\/pages\/1427\/revisions\/6281"}],"wp:attachment":[{"href":"https:\/\/fasciniolunar.com\/programas\/wp-json\/wp\/v2\/media?parent=1427"}],"curies":[{"name":"wp","href":"https:\/\/api.w.org\/{rel}","templated":true}]}}